{"id":5,"date":"2021-02-05T22:37:05","date_gmt":"2021-02-06T06:37:05","guid":{"rendered":"https:\/\/jugo.com\/?page_id=5"},"modified":"2024-10-31T16:48:55","modified_gmt":"2024-10-31T23:48:55","slug":"home","status":"publish","type":"page","link":"https:\/\/jugo.com\/es\/","title":{"rendered":"P\u00e1gina Principal"},"content":{"rendered":"<h2>\n\t\tLet&#8217;s Start Squeezing!\n\t<\/h2>\n\t\t\t\t\t\t\t\t<a href=\"https:\/\/jugo.com\/es\/regions-copy\/\" target=\"_self\" itemprop=\"url\" rel=\"noopener\">\n\t\t\t\t\t\t\t\t\t<img loading=\"lazy\" decoding=\"async\" src=\"https:\/\/jugo.com\/wp-content\/uploads\/bb-plugin\/cache\/U.S.-Canada-Juice-Bar-1024x683-landscape.jpeg\" alt=\"JUICE PRODUCTS\" itemprop=\"image\" height=\"683\" width=\"1024\" onerror=\"this.style.display='none'\"  \/>\n\t\t\t\t\t\t\t\t\t\t\tProductos de Jugo\n\t\t\t\t\t\t\t\t\t\t\t\t\t<\/a>\n\t\t\t\t\t\t\t\t<a href=\"https:\/\/jugo.com\/es\/regions\/\" target=\"_self\" itemprop=\"url\" rel=\"noopener\">\n\t\t\t\t\t\t\t\t\t<img loading=\"lazy\" decoding=\"async\" src=\"https:\/\/jugo.com\/wp-content\/uploads\/bb-plugin\/cache\/Rare-Juices-scaled-landscape.jpeg\" alt=\"JUICE REGIONS\" itemprop=\"image\" height=\"1709\" width=\"2560\" title=\"einture de coing d&#039;or dans un verre \u00e0 c\u00f4t\u00e9 du fruit de coing\" onerror=\"this.style.display='none'\"  \/>\n\t\t\t\t\t\t\t\t\t\t\tRegions de Jugo\n\t\t\t\t\t\t\t\t\t\t\t\t\t<\/a>\n\t\t\t\t\t\t\t\t<a href=\"https:\/\/jugo.com\/es\/articles\/\" target=\"_self\" itemprop=\"url\" rel=\"noopener\">\n\t\t\t\t\t\t\t\t\t<img loading=\"lazy\" decoding=\"async\" src=\"https:\/\/jugo.com\/wp-content\/uploads\/bb-plugin\/cache\/Juice-Machine-scaled-landscape.jpeg\" alt=\"JUICE ARTICLES\" itemprop=\"image\" height=\"1707\" width=\"2560\" title=\"slow juicer in kitchen with many fruit and vegetable orange vitamin juice healthy lifestyle concept background\" onerror=\"this.style.display='none'\"  \/>\n\t\t\t\t\t\t\t\t\t\t\tArticulos de Jugo\n\t\t\t\t\t\t\t\t\t\t\t\t\t<\/a>\n\t\t\t<p>El lugar al que acudir para todo lo relacionado con los jugos<\/p>\t\t\t\n\t\t\t\t<p>If you would like to be listed on Jugo.com, simply complete this online questionnaire and supply us with the correct links to your website. Let&#8217;s join together to share the wonders of juice with the world.<\/p>\n\t\t\t<a href=\"#\" title=\"Click Here\" target=\"_self\" role=\"button\" aria-label=\"Registrarse\" rel=\"noopener\">\n\t\t\t\t\t\t\tRegistrarse\n\t\t<\/a>\n\t\t\t\t\t\t\t\t\t<img decoding=\"async\" src=\"https:\/\/jugo.com\/wp-content\/plugins\/bb-plugin\/img\/pixel.png\" alt=\"\" itemprop=\"image\" onerror=\"this.style.display='none'\"  \/>\n\t\t\t\t\t\t\t\t<a href=\"https:\/\/herbs-america.com\/\" target=\"_blank\" itemprop=\"url\" rel=\"noopener nofollow\">\n\t\t\t\t\t\t\t\t\t<img loading=\"lazy\" decoding=\"async\" src=\"https:\/\/jugo.com\/wp-content\/uploads\/bb-plugin\/cache\/Herbs-America-Indigenous-Cultures-portrait.jpg\" alt=\"Herbs America Indigenous Cultures\" itemprop=\"image\" height=\"1893\" width=\"1251\" title=\"Herbs America Indigenous Cultures\" onerror=\"this.style.display='none'\"  \/>\n\t\t\t\t\t\t\t\t\t\t\t\t\t<\/a>\n\t<p>Featured Articles<\/p>\n\t<meta itemscope itemprop=\"mainEntityOfPage\" itemtype=\"https:\/\/schema.org\/WebPage\" itemid=\"http:\/\/15\" content=\"Fruit Versus Vegetable - Which is the Best Juice?\" \/><meta itemprop=\"datePublished\" content=\"2021-02-05\" \/><meta itemprop=\"dateModified\" content=\"2021-02-05\" \/><meta itemprop=\"name\" content=\"Jugo.com\"\/><meta itemprop=\"url\" content=\"https:\/\/jugo.com\/author\/jerome\/\" \/><meta itemprop=\"name\" content=\"Jerome\" \/><meta itemprop=\"url\" content=\"https:\/\/jugo.com\/wp-content\/uploads\/2021\/02\/Fruit-Versus-Vegetable---Which-is-the-Best-Juice-scaled.jpg\" \/><meta itemprop=\"width\" content=\"2560\" \/><meta itemprop=\"height\" content=\"1972\" \/><meta itemprop=\"interactionType\" content=\"https:\/\/schema.org\/CommentAction\" \/><meta itemprop=\"userInteractionCount\" content=\"0\" \/>\n\t\t\t\t<a href=\"https:\/\/jugo.com\/es\/which-is-the-best-juice\/\" target=\"_self\" itemprop=\"url\" rel=\"noopener\">\n\t\t\t\t<img loading=\"lazy\" decoding=\"async\" src=\"https:\/\/jugo.com\/wp-content\/uploads\/bb-plugin\/cache\/Fruit-Versus-Vegetable---Which-is-the-Best-Juice-300x231-square-64edb8ff274b6655f3b1b876d9af2333-.jpg\" alt=\"Glass jar mugs with green health smoothie, kale leaves, lime, apple, kiwi, grapes, banana, avocado, lettuce. Copy space. Raw, vegan, vegetarian, alkaline food concept. Banner\" itemprop=\"image\" data-no-lazy=\"1\" height=\"231\" width=\"300\" title=\"Glass jar mugs with green health smoothie, kale leaves, lime, apple, kiwi, grapes, banana, avocado, lettuce. Copy space. Raw, vegan, vegetarian, alkaline food concept. Banner\" onerror=\"this.style.display='none'\"  \/>\n\t\t\t\t<\/a>\n\t\t\t\t\t\t\t\t\t<h3 itemprop=\"headline\">\n\t\t\t\t\t\t\t\t\t\t\t\t\t<a href=\"https:\/\/jugo.com\/es\/which-is-the-best-juice\/\" title=\"Fruit Versus Vegetable - Which is the Best Juice?\">\n\t\t\t\t\t\t\t\t\t\t\t\t\t\tFruit Versus Vegetable &#8211; Which is the Best Juice?\t\t\t\t\t\t\t\t\t\t\t\t\t<\/a>\n\t\t\t\t\t\t\t\t\t\t\t<\/h3>\n    <a href=\"https:\/\/jugo.com\/es\/which-is-the-best-juice\/\" title=\"Fruit Versus Vegetable - Which is the Best Juice?\">Read about Fruit Versus Vegetable &#8211; Which is the Best Juice?<\/a>\n\t<meta itemscope itemprop=\"mainEntityOfPage\" itemtype=\"https:\/\/schema.org\/WebPage\" itemid=\"http:\/\/13\" content=\"Direct Versus Concentrated Fruit Juices&#8230;What You Need to Know When Selecting a Beverage\" \/><meta itemprop=\"datePublished\" content=\"2021-02-05\" \/><meta itemprop=\"dateModified\" content=\"2021-02-05\" \/><meta itemprop=\"name\" content=\"Jugo.com\"\/><meta itemprop=\"url\" content=\"https:\/\/jugo.com\/author\/jerome\/\" \/><meta itemprop=\"name\" content=\"Jerome\" \/><meta itemprop=\"url\" content=\"https:\/\/jugo.com\/wp-content\/uploads\/2021\/02\/Direct-Versus-Concentrated-Fruit-Juices.jpg\" \/><meta itemprop=\"width\" content=\"1865\" \/><meta itemprop=\"height\" content=\"1936\" \/><meta itemprop=\"interactionType\" content=\"https:\/\/schema.org\/CommentAction\" \/><meta itemprop=\"userInteractionCount\" content=\"0\" \/>\n\t\t\t\t<a href=\"https:\/\/jugo.com\/es\/direct-versus-concentrated-fruit-juices\/\" target=\"_self\" itemprop=\"url\" rel=\"noopener\">\n\t\t\t\t<img loading=\"lazy\" decoding=\"async\" src=\"https:\/\/jugo.com\/wp-content\/uploads\/bb-plugin\/cache\/Direct-Versus-Concentrated-Fruit-Juices-289x300-square-769624a517ed89997f85599b1849ebae-.jpg\" alt=\"green herbal detox drink made of spinach on white wood\" itemprop=\"image\" data-no-lazy=\"1\" height=\"300\" width=\"289\" title=\"green herbal detox drink made of spinach on white wood\" onerror=\"this.style.display='none'\"  \/>\n\t\t\t\t<\/a>\n\t\t\t\t\t\t\t\t\t<h3 itemprop=\"headline\">\n\t\t\t\t\t\t\t\t\t\t\t\t\t<a href=\"https:\/\/jugo.com\/es\/direct-versus-concentrated-fruit-juices\/\" title=\"Direct Versus Concentrated Fruit Juices&#8230;What You Need to Know When Selecting a Beverage\">\n\t\t\t\t\t\t\t\t\t\t\t\t\t\tDirect Versus Concentrated Fruit Juices&#8230;What You Need to Know When Selecting a Beverage\t\t\t\t\t\t\t\t\t\t\t\t\t<\/a>\n\t\t\t\t\t\t\t\t\t\t\t<\/h3>\n    <a href=\"https:\/\/jugo.com\/es\/direct-versus-concentrated-fruit-juices\/\" title=\"Direct Versus Concentrated Fruit Juices&#8230;What You Need to Know When Selecting a Beverage\">Read about Direct Versus Concentrated Fruit Juices&#8230;What You Need to Know When Selecting a Beverage<\/a>\n\t<meta itemscope itemprop=\"mainEntityOfPage\" itemtype=\"https:\/\/schema.org\/WebPage\" itemid=\"http:\/\/11\" content=\"Qualities to Look For in Choosing a Healthy Juice Beverage\" \/><meta itemprop=\"datePublished\" content=\"2021-02-05\" \/><meta itemprop=\"dateModified\" content=\"2021-02-05\" \/><meta itemprop=\"name\" content=\"Jugo.com\"\/><meta itemprop=\"url\" content=\"https:\/\/jugo.com\/author\/jerome\/\" \/><meta itemprop=\"name\" content=\"Jerome\" \/><meta itemprop=\"url\" content=\"https:\/\/jugo.com\/wp-content\/uploads\/2021\/02\/Qualities-to-Look-For-in-Choosing-a-Healthy-Juice-Beverage-scaled.jpeg\" \/><meta itemprop=\"width\" content=\"2560\" \/><meta itemprop=\"height\" content=\"1703\" \/><meta itemprop=\"interactionType\" content=\"https:\/\/schema.org\/CommentAction\" \/><meta itemprop=\"userInteractionCount\" content=\"0\" \/>\n\t\t\t\t<a href=\"https:\/\/jugo.com\/es\/healthy-juice-beverage\/\" target=\"_self\" itemprop=\"url\" rel=\"noopener\">\n\t\t\t\t<img loading=\"lazy\" decoding=\"async\" src=\"https:\/\/jugo.com\/wp-content\/uploads\/bb-plugin\/cache\/Qualities-to-Look-For-in-Choosing-a-Healthy-Juice-Beverage-300x200-square-5e0a99bdb3d8d8495444e94821cd683a-.jpeg\" alt=\"Woman reading ingredients and nutrition information on juice bottle&#039;s etiquette\" itemprop=\"image\" data-no-lazy=\"1\" height=\"200\" width=\"300\" title=\"Woman reading ingredients and nutrition information on juice bottle&#039;s etiquette\" onerror=\"this.style.display='none'\"  \/>\n\t\t\t\t<\/a>\n\t\t\t\t\t\t\t\t\t<h3 itemprop=\"headline\">\n\t\t\t\t\t\t\t\t\t\t\t\t\t<a href=\"https:\/\/jugo.com\/es\/healthy-juice-beverage\/\" title=\"Qualities to Look For in Choosing a Healthy Juice Beverage\">\n\t\t\t\t\t\t\t\t\t\t\t\t\t\tQualities to Look For in Choosing a Healthy Juice Beverage\t\t\t\t\t\t\t\t\t\t\t\t\t<\/a>\n\t\t\t\t\t\t\t\t\t\t\t<\/h3>\n    <a href=\"https:\/\/jugo.com\/es\/healthy-juice-beverage\/\" title=\"Qualities to Look For in Choosing a Healthy Juice Beverage\">Read about Qualities to Look For in Choosing a Healthy Juice Beverage<\/a>\n\t\t<!-- .pp-content-posts -->","protected":false},"excerpt":{"rendered":"<p>Let&#8217;s Start Squeezing! JUICE PRODUCTS JUICE REGIONS JUICE ARTICLES The Place To Go for Everything About Juice If you would like to be listed on Jugo.com, simply complete this online questionnaire and supply us with the correct links to your website. Let&#8217;s join together to share the wonders of juice with the world. REGISTER Featured [&hellip;]<\/p>","protected":false},"author":3,"featured_media":0,"parent":0,"menu_order":0,"comment_status":"closed","ping_status":"closed","template":"templates\/page_builder.php","meta":{"_genesis_hide_title":false,"_genesis_hide_breadcrumbs":false,"_genesis_hide_singular_image":false,"_genesis_hide_footer_widgets":false,"_genesis_custom_body_class":"","_genesis_custom_post_class":"","_genesis_layout":"","footnotes":""},"class_list":{"0":"post-5","1":"page","2":"type-page","3":"status-publish","5":"entry"},"yoast_head":"<!-- This site is optimized with the Yoast SEO plugin v24.9 - https:\/\/yoast.com\/wordpress\/plugins\/seo\/ -->\n<title>Home &#8226; Jugo.com<\/title>\n<meta name=\"robots\" content=\"index, follow, max-snippet:-1, max-image-preview:large, max-video-preview:-1\" \/>\n<link rel=\"canonical\" href=\"https:\/\/jugo.com\/es\/\" \/>\n<meta property=\"og:locale\" content=\"es_MX\" \/>\n<meta property=\"og:type\" content=\"article\" \/>\n<meta property=\"og:title\" content=\"Home &#8226; Jugo.com\" \/>\n<meta property=\"og:description\" content=\"Let&#8217;s Start Squeezing! JUICE PRODUCTS JUICE REGIONS JUICE ARTICLES The Place To Go for Everything About Juice If you would like to be listed on Jugo.com, simply complete this online questionnaire and supply us with the correct links to your website. Let&#8217;s join together to share the wonders of juice with the world. REGISTER Featured [&hellip;]\" \/>\n<meta property=\"og:url\" content=\"https:\/\/jugo.com\/es\/\" \/>\n<meta property=\"og:site_name\" content=\"Jugo.com\" \/>\n<meta property=\"article:modified_time\" content=\"2024-10-31T23:48:55+00:00\" \/>\n<meta property=\"og:image\" content=\"https:\/\/jugo.com\/wp-content\/uploads\/bb-plugin\/cache\/U.S.-Canada-Juice-Bar-1024x683-landscape.jpeg\" \/>\n<meta name=\"twitter:card\" content=\"summary_large_image\" \/>\n<script type=\"application\/ld+json\" class=\"yoast-schema-graph\">{\"@context\":\"https:\/\/schema.org\",\"@graph\":[{\"@type\":\"WebPage\",\"@id\":\"https:\/\/jugo.com\/\",\"url\":\"https:\/\/jugo.com\/\",\"name\":\"Home &#8226; Jugo.com\",\"isPartOf\":{\"@id\":\"https:\/\/jugo.com\/#website\"},\"primaryImageOfPage\":{\"@id\":\"https:\/\/jugo.com\/#primaryimage\"},\"image\":{\"@id\":\"https:\/\/jugo.com\/#primaryimage\"},\"thumbnailUrl\":\"https:\/\/jugo.com\/wp-content\/uploads\/bb-plugin\/cache\/U.S.-Canada-Juice-Bar-1024x683-landscape.jpeg\",\"datePublished\":\"2021-02-06T06:37:05+00:00\",\"dateModified\":\"2024-10-31T23:48:55+00:00\",\"breadcrumb\":{\"@id\":\"https:\/\/jugo.com\/#breadcrumb\"},\"inLanguage\":\"es-MX\",\"potentialAction\":[{\"@type\":\"ReadAction\",\"target\":[\"https:\/\/jugo.com\/\"]}]},{\"@type\":\"ImageObject\",\"inLanguage\":\"es-MX\",\"@id\":\"https:\/\/jugo.com\/#primaryimage\",\"url\":\"https:\/\/jugo.com\/wp-content\/uploads\/bb-plugin\/cache\/U.S.-Canada-Juice-Bar-1024x683-landscape.jpeg\",\"contentUrl\":\"https:\/\/jugo.com\/wp-content\/uploads\/bb-plugin\/cache\/U.S.-Canada-Juice-Bar-1024x683-landscape.jpeg\"},{\"@type\":\"BreadcrumbList\",\"@id\":\"https:\/\/jugo.com\/#breadcrumb\",\"itemListElement\":[{\"@type\":\"ListItem\",\"position\":1,\"name\":\"Home\",\"item\":\"https:\/\/jugo.com\/\"},{\"@type\":\"ListItem\",\"position\":2,\"name\":\"Home\"}]},{\"@type\":\"WebSite\",\"@id\":\"https:\/\/jugo.com\/#website\",\"url\":\"https:\/\/jugo.com\/\",\"name\":\"Jugo.com\",\"description\":\"Let&#039;s Start Squeezing!\",\"publisher\":{\"@id\":\"https:\/\/jugo.com\/#organization\"},\"potentialAction\":[{\"@type\":\"SearchAction\",\"target\":{\"@type\":\"EntryPoint\",\"urlTemplate\":\"https:\/\/jugo.com\/?s={search_term_string}\"},\"query-input\":{\"@type\":\"PropertyValueSpecification\",\"valueRequired\":true,\"valueName\":\"search_term_string\"}}],\"inLanguage\":\"es-MX\"},{\"@type\":\"Organization\",\"@id\":\"https:\/\/jugo.com\/#organization\",\"name\":\"Jugo.com\",\"url\":\"https:\/\/jugo.com\/\",\"logo\":{\"@type\":\"ImageObject\",\"inLanguage\":\"es-MX\",\"@id\":\"https:\/\/jugo.com\/#\/schema\/logo\/image\/\",\"url\":\"https:\/\/jugo.com\/wp-content\/uploads\/2021\/02\/Jugo-Logo-with-Outline.png\",\"contentUrl\":\"https:\/\/jugo.com\/wp-content\/uploads\/2021\/02\/Jugo-Logo-with-Outline.png\",\"width\":1546,\"height\":444,\"caption\":\"Jugo.com\"},\"image\":{\"@id\":\"https:\/\/jugo.com\/#\/schema\/logo\/image\/\"}}]}<\/script>\n<!-- \/ Yoast SEO plugin. -->","yoast_head_json":{"title":"Home &#8226; Jugo.com","robots":{"index":"index","follow":"follow","max-snippet":"max-snippet:-1","max-image-preview":"max-image-preview:large","max-video-preview":"max-video-preview:-1"},"canonical":"https:\/\/jugo.com\/es\/","og_locale":"es_MX","og_type":"article","og_title":"Home &#8226; Jugo.com","og_description":"Let&#8217;s Start Squeezing! JUICE PRODUCTS JUICE REGIONS JUICE ARTICLES The Place To Go for Everything About Juice If you would like to be listed on Jugo.com, simply complete this online questionnaire and supply us with the correct links to your website. Let&#8217;s join together to share the wonders of juice with the world. REGISTER Featured [&hellip;]","og_url":"https:\/\/jugo.com\/es\/","og_site_name":"Jugo.com","article_modified_time":"2024-10-31T23:48:55+00:00","og_image":[{"url":"https:\/\/jugo.com\/wp-content\/uploads\/bb-plugin\/cache\/U.S.-Canada-Juice-Bar-1024x683-landscape.jpeg","type":"","width":"","height":""}],"twitter_card":"summary_large_image","schema":{"@context":"https:\/\/schema.org","@graph":[{"@type":"WebPage","@id":"https:\/\/jugo.com\/","url":"https:\/\/jugo.com\/","name":"Home &#8226; Jugo.com","isPartOf":{"@id":"https:\/\/jugo.com\/#website"},"primaryImageOfPage":{"@id":"https:\/\/jugo.com\/#primaryimage"},"image":{"@id":"https:\/\/jugo.com\/#primaryimage"},"thumbnailUrl":"https:\/\/jugo.com\/wp-content\/uploads\/bb-plugin\/cache\/U.S.-Canada-Juice-Bar-1024x683-landscape.jpeg","datePublished":"2021-02-06T06:37:05+00:00","dateModified":"2024-10-31T23:48:55+00:00","breadcrumb":{"@id":"https:\/\/jugo.com\/#breadcrumb"},"inLanguage":"es-MX","potentialAction":[{"@type":"ReadAction","target":["https:\/\/jugo.com\/"]}]},{"@type":"ImageObject","inLanguage":"es-MX","@id":"https:\/\/jugo.com\/#primaryimage","url":"https:\/\/jugo.com\/wp-content\/uploads\/bb-plugin\/cache\/U.S.-Canada-Juice-Bar-1024x683-landscape.jpeg","contentUrl":"https:\/\/jugo.com\/wp-content\/uploads\/bb-plugin\/cache\/U.S.-Canada-Juice-Bar-1024x683-landscape.jpeg"},{"@type":"BreadcrumbList","@id":"https:\/\/jugo.com\/#breadcrumb","itemListElement":[{"@type":"ListItem","position":1,"name":"Home","item":"https:\/\/jugo.com\/"},{"@type":"ListItem","position":2,"name":"Home"}]},{"@type":"WebSite","@id":"https:\/\/jugo.com\/#website","url":"https:\/\/jugo.com\/","name":"Jugo.com","description":"Let&#039;s Start Squeezing!","publisher":{"@id":"https:\/\/jugo.com\/#organization"},"potentialAction":[{"@type":"SearchAction","target":{"@type":"EntryPoint","urlTemplate":"https:\/\/jugo.com\/?s={search_term_string}"},"query-input":{"@type":"PropertyValueSpecification","valueRequired":true,"valueName":"search_term_string"}}],"inLanguage":"es-MX"},{"@type":"Organization","@id":"https:\/\/jugo.com\/#organization","name":"Jugo.com","url":"https:\/\/jugo.com\/","logo":{"@type":"ImageObject","inLanguage":"es-MX","@id":"https:\/\/jugo.com\/#\/schema\/logo\/image\/","url":"https:\/\/jugo.com\/wp-content\/uploads\/2021\/02\/Jugo-Logo-with-Outline.png","contentUrl":"https:\/\/jugo.com\/wp-content\/uploads\/2021\/02\/Jugo-Logo-with-Outline.png","width":1546,"height":444,"caption":"Jugo.com"},"image":{"@id":"https:\/\/jugo.com\/#\/schema\/logo\/image\/"}}]}},"_links":{"self":[{"href":"https:\/\/jugo.com\/es\/wp-json\/wp\/v2\/pages\/5","targetHints":{"allow":["GET"]}}],"collection":[{"href":"https:\/\/jugo.com\/es\/wp-json\/wp\/v2\/pages"}],"about":[{"href":"https:\/\/jugo.com\/es\/wp-json\/wp\/v2\/types\/page"}],"author":[{"embeddable":true,"href":"https:\/\/jugo.com\/es\/wp-json\/wp\/v2\/users\/3"}],"replies":[{"embeddable":true,"href":"https:\/\/jugo.com\/es\/wp-json\/wp\/v2\/comments?post=5"}],"version-history":[{"count":1,"href":"https:\/\/jugo.com\/es\/wp-json\/wp\/v2\/pages\/5\/revisions"}],"predecessor-version":[{"id":8313,"href":"https:\/\/jugo.com\/es\/wp-json\/wp\/v2\/pages\/5\/revisions\/8313"}],"wp:attachment":[{"href":"https:\/\/jugo.com\/es\/wp-json\/wp\/v2\/media?parent=5"}],"curies":[{"name":"wp","href":"https:\/\/api.w.org\/{rel}","templated":true}]}}